{"id":1030,"date":"2020-09-02T12:33:29","date_gmt":"2020-09-02T12:33:29","guid":{"rendered":"https:\/\/fahrschule-komossa.com\/?page_id=1030"},"modified":"2022-02-21T21:59:41","modified_gmt":"2022-02-21T21:59:41","slug":"kalender","status":"publish","type":"page","link":"https:\/\/fahrschule-komossa.com\/?page_id=1030","title":{"rendered":"Aktuelles"},"content":{"rendered":"<p>[vc_row][vc_column width=&#8220;3\/4&#8243;][vc_column_text]<div class=\"event_listings\" data-location=\"\" data-keywords=\"\" data-show_filters=\"true\" data-show_pagination=\"false\" data-per_page=\"5\" data-orderby=\"event_start_date\" data-order=\"ASC\" data-datetimes=\"\" data-categories=\"\" data-event_types=\"\" data-ticket_prices=\"\" data-event_online=\"\" >\n<form class=\"wpem-main wpem-form-wrapper wpem-event-filter-wrapper event_filters\" id=\"event_filters\">\n\t\t<div class=\"search_events search-form-container\">\n\t\t\t <div class=\"wpem-row\">\n\t\t\t<!-- Search by keywords section start -->\n\t\t\t<div class=\"wpem-col\">\n\t\t\t\t<!-- shows default keywords text field  start-->\n\t\t\t\t<div class=\"wpem-form-group\">\n\t\t\t\t<label for=\"search_keywords\" class=\"wpem-form-label\">Schl\u00fcsselw\u00f6rter<\/label>\n\t\t\t\t<input type=\"text\" name=\"search_keywords\" id=\"search_keywords\" placeholder=\"Schl\u00fcsselw\u00f6rter\" value=\"\" \/> \n\t\t\t\t<\/div>\n\t\t\t\t<!-- shows default keywords text field end -->\n\t\t\t<\/div>\n\t\t\t<!-- Search by keywords section end-->\n\n\t\t\t<!-- Search by location section start -->\n\t\t\t<div class=\"wpem-col\">\n\t\t\t<div class=\"wpem-form-group\">\n\t\t\t\t<label for=\"search_location\" class=\"wpem-form-label\">Ort<\/label>\n\t\t\t\t<input type=\"text\" name=\"search_location\" id=\"search_location\"  placeholder=\"Ort\" value=\"\" \/>\n\t\t\t<\/div>\n\t\t\t<\/div>\n\n\t\t\t<!-- Search by location section end -->\n\n\t\t\t\n\t\t\t<!-- Search by date section start -->\n\t\t\t\t\n\n\t\t\t\t\n\t\t\t\t<div class=\"wpem-col\">\n\t\t\t\t\t<div class=\"wpem-form-group\">\n\t\t\t\t\t\t<label for=\"search_datetimes\" class=\"wpem-form-label\">Beliebiges Datum<\/label>\n\t\t\t\t\t\t<input type=\"text\" name=\"search_datetimes[]\" id=\"search_datetimes\" value='' class=\"event-manager-category-dropdown date_range_picker\" >\n\t\t\t\t\t\t<\/div>\n\t\t\t\t<\/div>\n\t\t\t\t  \t\t\t\n\t\t\t<!-- Search by date section end -->\n\n\n\t         <\/div> <!-- \/row -->\n\t\t<div class=\"wpem-row\">\n\t\t\t<!-- Search by event categories section start -->\n\t\t\t\t \n\t\t\t<!-- Search by event categories section end -->\n\n\t\t\t<!-- Search by event type section start -->\n\t\t\t\t\t        \n\t\t\t<!-- Search by event type section end -->\n\t\t\t<!-- Search by any ticket price section start -->\t\t\t\n\t\t\t\t  \n\t\t\t<!-- Search by any ticket price section end -->  \n\n\t\t\t\n    <\/div> <!-- \/row -->\n\n    \t\n\n  <\/div>\n  <div class=\"showing_applied_filters\"><\/div><\/form>\n<noscript>Dein Browser unterst\u00fctzt kein JavaScript oder es wurde deaktiviert. JavaScript muss aktiviert sein, um Eintr\u00e4ge anzeigen zu k\u00f6nnen.<\/noscript><!-- Event listing view -->\r\n<div id=\"event-listing-view\" class=\"wpem-main wpem-event-listings event_listings wpem-event-listing-list-view\">\r\n<\/div>\n<a class=\"load_more_events\" id=\"load_more_events\" href=\"#\" style=\"display:none;\"><strong>Mehr Veranstaltungen laden<\/strong><\/a><\/div>[\/vc_column_text][\/vc_column][vc_column width=&#8220;1\/4&#8243;][vc_column_text]<\/p>\n<div class=\"fb-page\" style=\"text-align: right;\" data-href=\"https:\/\/www.facebook.com\/Fahrschule-Sebastian-Komossa-188265431206816\/\" data-tabs=\"timeline\" data-width=\"800\" data-height=\"800\" data-small-header=\"false\" data-adapt-container-width=\"true\" data-hide-cover=\"false\" data-show-facepile=\"true\">\n<blockquote class=\"fb-xfbml-parse-ignore\" cite=\"https:\/\/www.facebook.com\/Fahrschule-Sebastian-Komossa-188265431206816\/\">\n<p style=\"text-align: left;\"><a href=\"https:\/\/www.facebook.com\/Fahrschule-Sebastian-Komossa-188265431206816\/\">Fahrschule Sebastian Komossa<\/a><\/p>\n<\/blockquote>\n<\/div>\n<p>&nbsp;<\/p>\n<p>&nbsp;<\/p>\n<div class=\"fb-page\" style=\"text-align: right;\" data-href=\"https:\/\/www.facebook.com\/Fahrschule-Sebastian-Komossa-188265431206816\/\" data-tabs=\"timeline\" data-width=\"800\" data-height=\"800\" data-small-header=\"false\" data-adapt-container-width=\"true\" data-hide-cover=\"false\" data-show-facepile=\"true\">\n<p>&nbsp;<\/p>\n<\/div>\n<p>[\/vc_column_text][\/vc_column][\/vc_row]<\/p>\n","protected":false},"excerpt":{"rendered":"<p>[vc_row][vc_column width=&#8220;3\/4&#8243;][vc_column_text][\/vc_column_text][\/vc_column][vc_column width=&#8220;1\/4&#8243;][vc_column_text] Fahrschule Sebastian Komossa &nbsp; &nbsp; &nbsp; [\/vc_column_text][\/vc_column][\/vc_row]<\/p>\n","protected":false},"author":1,"featured_media":0,"parent":0,"menu_order":0,"comment_status":"closed","ping_status":"closed","template":"","meta":[],"_links":{"self":[{"href":"https:\/\/fahrschule-komossa.com\/index.php?rest_route=\/wp\/v2\/pages\/1030"}],"collection":[{"href":"https:\/\/fahrschule-komossa.com\/index.php?rest_route=\/wp\/v2\/pages"}],"about":[{"href":"https:\/\/fahrschule-komossa.com\/index.php?rest_route=\/wp\/v2\/types\/page"}],"author":[{"embeddable":true,"href":"https:\/\/fahrschule-komossa.com\/index.php?rest_route=\/wp\/v2\/users\/1"}],"replies":[{"embeddable":true,"href":"https:\/\/fahrschule-komossa.com\/index.php?rest_route=%2Fwp%2Fv2%2Fcomments&post=1030"}],"version-history":[{"count":22,"href":"https:\/\/fahrschule-komossa.com\/index.php?rest_route=\/wp\/v2\/pages\/1030\/revisions"}],"predecessor-version":[{"id":1328,"href":"https:\/\/fahrschule-komossa.com\/index.php?rest_route=\/wp\/v2\/pages\/1030\/revisions\/1328"}],"wp:attachment":[{"href":"https:\/\/fahrschule-komossa.com\/index.php?rest_route=%2Fwp%2Fv2%2Fmedia&parent=1030"}],"curies":[{"name":"wp","href":"https:\/\/api.w.org\/{rel}","templated":true}]}}